{"id":6,"date":"2024-04-16T06:47:46","date_gmt":"2024-04-16T06:47:46","guid":{"rendered":"https:\/\/escueladepreparadores.com\/?page_id=6"},"modified":"2024-05-01T19:37:01","modified_gmt":"2024-05-01T19:37:01","slug":"elementor-6","status":"publish","type":"page","link":"https:\/\/escueladepreparadores.com\/","title":{"rendered":"Elementor #6"},"content":{"rendered":"\t\t<div data-elementor-type=\"wp-page\" data-elementor-id=\"6\" class=\"elementor elementor-6\" data-elementor-post-type=\"page\">\n\t\t\t\t<div class=\"elementor-element elementor-element-d2ede1f e-flex e-con-boxed e-con e-parent\" data-id=\"d2ede1f\" data-element_type=\"container\" data-settings=\"{&quot;background_background&quot;:&quot;classic&quot;}\">\n\t\t\t\t\t<div class=\"e-con-inner\">\n\t\t<div class=\"elementor-element elementor-element-7e4c304 e-flex e-con-boxed e-con e-child\" data-id=\"7e4c304\" data-element_type=\"container\">\n\t\t\t\t\t<div class=\"e-con-inner\">\n\t\t<div class=\"elementor-element elementor-element-ebdfe9f e-flex e-con-boxed e-con e-child\" data-id=\"ebdfe9f\" data-element_type=\"container\">\n\t\t\t\t\t<div class=\"e-con-inner\">\n\t\t\t\t<div class=\"elementor-element elementor-element-859b557 elementor-hidden-tablet elementor-hidden-mobile elementor-widget elementor-widget-spacer\" data-id=\"859b557\" data-element_type=\"widget\" data-widget_type=\"spacer.default\">\n\t\t\t\t<div class=\"elementor-widget-container\">\n\t\t\t<style>\/*! elementor - v3.21.0 - 15-04-2024 *\/\n.elementor-column .elementor-spacer-inner{height:var(--spacer-size)}.e-con{--container-widget-width:100%}.e-con-inner>.elementor-widget-spacer,.e-con>.elementor-widget-spacer{width:var(--container-widget-width,var(--spacer-size));--align-self:var(--container-widget-align-self,initial);--flex-shrink:0}.e-con-inner>.elementor-widget-spacer>.elementor-widget-container,.e-con>.elementor-widget-spacer>.elementor-widget-container{height:100%;width:100%}.e-con-inner>.elementor-widget-spacer>.elementor-widget-container>.elementor-spacer,.e-con>.elementor-widget-spacer>.elementor-widget-container>.elementor-spacer{height:100%}.e-con-inner>.elementor-widget-spacer>.elementor-widget-container>.elementor-spacer>.elementor-spacer-inner,.e-con>.elementor-widget-spacer>.elementor-widget-container>.elementor-spacer>.elementor-spacer-inner{height:var(--container-widget-height,var(--spacer-size))}.e-con-inner>.elementor-widget-spacer.elementor-widget-empty,.e-con>.elementor-widget-spacer.elementor-widget-empty{position:relative;min-height:22px;min-width:22px}.e-con-inner>.elementor-widget-spacer.elementor-widget-empty .elementor-widget-empty-icon,.e-con>.elementor-widget-spacer.elementor-widget-empty .elementor-widget-empty-icon{position:absolute;top:0;bottom:0;left:0;right:0;margin:auto;padding:0;width:22px;height:22px}<\/style>\t\t<div class=\"elementor-spacer\">\n\t\t\t<div class=\"elementor-spacer-inner\"><\/div>\n\t\t<\/div>\n\t\t\t\t<\/div>\n\t\t\t\t<\/div>\n\t\t\t\t<div class=\"elementor-element elementor-element-e5008f7 elementor-widget elementor-widget-heading\" data-id=\"e5008f7\" data-element_type=\"widget\" data-widget_type=\"heading.default\">\n\t\t\t\t<div class=\"elementor-widget-container\">\n\t\t\t<style>\/*! elementor - v3.21.0 - 15-04-2024 *\/\n.elementor-heading-title{padding:0;margin:0;line-height:1}.elementor-widget-heading .elementor-heading-title[class*=elementor-size-]>a{color:inherit;font-size:inherit;line-height:inherit}.elementor-widget-heading .elementor-heading-title.elementor-size-small{font-size:15px}.elementor-widget-heading .elementor-heading-title.elementor-size-medium{font-size:19px}.elementor-widget-heading .elementor-heading-title.elementor-size-large{font-size:29px}.elementor-widget-heading .elementor-heading-title.elementor-size-xl{font-size:39px}.elementor-widget-heading .elementor-heading-title.elementor-size-xxl{font-size:59px}<\/style><h2 class=\"elementor-heading-title elementor-size-default\">Escuela de formaci\u00f3n en preparaci\u00f3n de oposiciones <\/h2>\t\t<\/div>\n\t\t\t\t<\/div>\n\t\t\t\t<div class=\"elementor-element elementor-element-e3c6590 elementor-widget elementor-widget-text-editor\" data-id=\"e3c6590\" data-element_type=\"widget\" data-widget_type=\"text-editor.default\">\n\t\t\t\t<div class=\"elementor-widget-container\">\n\t\t\t<style>\/*! elementor - v3.21.0 - 15-04-2024 *\/\n.elementor-widget-text-editor.elementor-drop-cap-view-stacked .elementor-drop-cap{background-color:#69727d;color:#fff}.elementor-widget-text-editor.elementor-drop-cap-view-framed .elementor-drop-cap{color:#69727d;border:3px solid;background-color:transparent}.elementor-widget-text-editor:not(.elementor-drop-cap-view-default) .elementor-drop-cap{margin-top:8px}.elementor-widget-text-editor:not(.elementor-drop-cap-view-default) .elementor-drop-cap-letter{width:1em;height:1em}.elementor-widget-text-editor .elementor-drop-cap{float:left;text-align:center;line-height:1;font-size:50px}.elementor-widget-text-editor .elementor-drop-cap-letter{display:inline-block}<\/style>\t\t\t\t<p>Escuela de Preparadores es la primera escuela en Espa\u00f1a para profesionales que quieren formarse o acreditarse como preparadores de Oposiciones.<\/p>\t\t\t\t\t\t<\/div>\n\t\t\t\t<\/div>\n\t\t\t\t<div class=\"elementor-element elementor-element-031e769 elementor-align-justify elementor-widget elementor-widget-button\" data-id=\"031e769\" data-element_type=\"widget\" data-widget_type=\"button.default\">\n\t\t\t\t<div class=\"elementor-widget-container\">\n\t\t\t\t\t<div class=\"elementor-button-wrapper\">\n\t\t\t<a class=\"elementor-button elementor-button-link elementor-size-sm\" href=\"#\">\n\t\t\t\t\t\t<span class=\"elementor-button-content-wrapper\">\n\t\t\t\t\t\t\t\t\t<span class=\"elementor-button-text\">Comenzar tu formaci\u00f3n >><\/span>\n\t\t\t\t\t<\/span>\n\t\t\t\t\t<\/a>\n\t\t<\/div>\n\t\t\t\t<\/div>\n\t\t\t\t<\/div>\n\t\t\t\t\t<\/div>\n\t\t\t\t<\/div>\n\t\t<div class=\"elementor-element elementor-element-6092911 e-flex e-con-boxed e-con e-child\" data-id=\"6092911\" data-element_type=\"container\">\n\t\t\t\t\t<div class=\"e-con-inner\">\n\t\t\t\t<div class=\"elementor-element elementor-element-a83cdda elementor-widget elementor-widget-image\" data-id=\"a83cdda\" data-element_type=\"widget\" data-widget_type=\"image.default\">\n\t\t\t\t<div class=\"elementor-widget-container\">\n\t\t\t<style>\/*! elementor - v3.21.0 - 15-04-2024 *\/\n.elementor-widget-image{text-align:center}.elementor-widget-image a{display:inline-block}.elementor-widget-image a img[src$=\".svg\"]{width:48px}.elementor-widget-image img{vertical-align:middle;display:inline-block}<\/style>\t\t\t\t\t\t\t\t\t\t<img fetchpriority=\"high\" decoding=\"async\" width=\"500\" height=\"674\" src=\"https:\/\/escueladepreparadores.com\/wp-content\/uploads\/2024\/04\/profesor-escuela-de-preparadores-oposiciones.png\" class=\"attachment-full size-full wp-image-22\" alt=\"profesor escuela de preparadores oposiciones\" srcset=\"https:\/\/escueladepreparadores.com\/wp-content\/uploads\/2024\/04\/profesor-escuela-de-preparadores-oposiciones.png 500w, https:\/\/escueladepreparadores.com\/wp-content\/uploads\/2024\/04\/profesor-escuela-de-preparadores-oposiciones-223x300.png 223w\" sizes=\"(max-width: 500px) 100vw, 500px\" \/>\t\t\t\t\t\t\t\t\t\t\t\t\t<\/div>\n\t\t\t\t<\/div>\n\t\t\t\t\t<\/div>\n\t\t\t\t<\/div>\n\t\t\t\t\t<\/div>\n\t\t\t\t<\/div>\n\t\t<div class=\"elementor-element elementor-element-2a0ce0b e-flex e-con-boxed e-con e-child\" data-id=\"2a0ce0b\" data-element_type=\"container\">\n\t\t\t\t\t<div class=\"e-con-inner\">\n\t\t<div class=\"elementor-element elementor-element-11650ff e-con-full e-flex e-con e-child\" data-id=\"11650ff\" data-element_type=\"container\">\n\t\t\t\t<div class=\"elementor-element elementor-element-f393edf elementor-widget elementor-widget-heading\" data-id=\"f393edf\" data-element_type=\"widget\" data-widget_type=\"heading.default\">\n\t\t\t\t<div class=\"elementor-widget-container\">\n\t\t\t<h2 class=\"elementor-heading-title elementor-size-default\">Titulaci\u00f3n como Experto Universitario<\/h2>\t\t<\/div>\n\t\t\t\t<\/div>\n\t\t\t\t<\/div>\n\t\t<div class=\"elementor-element elementor-element-b6de6d4 e-flex e-con-boxed e-con e-child\" data-id=\"b6de6d4\" data-element_type=\"container\">\n\t\t\t\t\t<div class=\"e-con-inner\">\n\t\t\t\t<div class=\"elementor-element elementor-element-13789c6 elementor-widget elementor-widget-image\" data-id=\"13789c6\" data-element_type=\"widget\" data-widget_type=\"image.default\">\n\t\t\t\t<div class=\"elementor-widget-container\">\n\t\t\t\t\t\t\t\t\t\t\t\t\t<img decoding=\"async\" width=\"696\" height=\"165\" src=\"https:\/\/escueladepreparadores.com\/wp-content\/uploads\/2024\/04\/LOGO-ON-ENFERMERIA-copia-2-1536x364-1-1024x243.png\" class=\"attachment-large size-large wp-image-40\" alt=\"\" srcset=\"https:\/\/escueladepreparadores.com\/wp-content\/uploads\/2024\/04\/LOGO-ON-ENFERMERIA-copia-2-1536x364-1-1024x243.png 1024w, https:\/\/escueladepreparadores.com\/wp-content\/uploads\/2024\/04\/LOGO-ON-ENFERMERIA-copia-2-1536x364-1-300x71.png 300w, https:\/\/escueladepreparadores.com\/wp-content\/uploads\/2024\/04\/LOGO-ON-ENFERMERIA-copia-2-1536x364-1-768x182.png 768w, https:\/\/escueladepreparadores.com\/wp-content\/uploads\/2024\/04\/LOGO-ON-ENFERMERIA-copia-2-1536x364-1.png 1536w\" sizes=\"(max-width: 696px) 100vw, 696px\" \/>\t\t\t\t\t\t\t\t\t\t\t\t\t<\/div>\n\t\t\t\t<\/div>\n\t\t\t\t<div class=\"elementor-element elementor-element-fa9f3e9 elementor-widget elementor-widget-image\" data-id=\"fa9f3e9\" data-element_type=\"widget\" data-widget_type=\"image.default\">\n\t\t\t\t<div class=\"elementor-widget-container\">\n\t\t\t\t\t\t\t\t\t\t\t\t\t<img decoding=\"async\" width=\"696\" height=\"165\" src=\"https:\/\/escueladepreparadores.com\/wp-content\/uploads\/2024\/04\/LOGO-ON-ENFERMERIA-copia-2-1536x364-1-1024x243.png\" class=\"attachment-large size-large wp-image-40\" alt=\"\" srcset=\"https:\/\/escueladepreparadores.com\/wp-content\/uploads\/2024\/04\/LOGO-ON-ENFERMERIA-copia-2-1536x364-1-1024x243.png 1024w, https:\/\/escueladepreparadores.com\/wp-content\/uploads\/2024\/04\/LOGO-ON-ENFERMERIA-copia-2-1536x364-1-300x71.png 300w, https:\/\/escueladepreparadores.com\/wp-content\/uploads\/2024\/04\/LOGO-ON-ENFERMERIA-copia-2-1536x364-1-768x182.png 768w, https:\/\/escueladepreparadores.com\/wp-content\/uploads\/2024\/04\/LOGO-ON-ENFERMERIA-copia-2-1536x364-1.png 1536w\" sizes=\"(max-width: 696px) 100vw, 696px\" \/>\t\t\t\t\t\t\t\t\t\t\t\t\t<\/div>\n\t\t\t\t<\/div>\n\t\t\t\t<div class=\"elementor-element elementor-element-a2fff5c elementor-widget elementor-widget-image\" data-id=\"a2fff5c\" data-element_type=\"widget\" data-widget_type=\"image.default\">\n\t\t\t\t<div class=\"elementor-widget-container\">\n\t\t\t\t\t\t\t\t\t\t\t\t\t<img decoding=\"async\" width=\"696\" height=\"165\" src=\"https:\/\/escueladepreparadores.com\/wp-content\/uploads\/2024\/04\/LOGO-ON-ENFERMERIA-copia-2-1536x364-1-1024x243.png\" class=\"attachment-large size-large wp-image-40\" alt=\"\" srcset=\"https:\/\/escueladepreparadores.com\/wp-content\/uploads\/2024\/04\/LOGO-ON-ENFERMERIA-copia-2-1536x364-1-1024x243.png 1024w, https:\/\/escueladepreparadores.com\/wp-content\/uploads\/2024\/04\/LOGO-ON-ENFERMERIA-copia-2-1536x364-1-300x71.png 300w, https:\/\/escueladepreparadores.com\/wp-content\/uploads\/2024\/04\/LOGO-ON-ENFERMERIA-copia-2-1536x364-1-768x182.png 768w, https:\/\/escueladepreparadores.com\/wp-content\/uploads\/2024\/04\/LOGO-ON-ENFERMERIA-copia-2-1536x364-1.png 1536w\" sizes=\"(max-width: 696px) 100vw, 696px\" \/>\t\t\t\t\t\t\t\t\t\t\t\t\t<\/div>\n\t\t\t\t<\/div>\n\t\t\t\t<div class=\"elementor-element elementor-element-48c2c53 elementor-widget elementor-widget-image\" data-id=\"48c2c53\" data-element_type=\"widget\" data-widget_type=\"image.default\">\n\t\t\t\t<div class=\"elementor-widget-container\">\n\t\t\t\t\t\t\t\t\t\t\t\t\t<img decoding=\"async\" width=\"696\" height=\"165\" src=\"https:\/\/escueladepreparadores.com\/wp-content\/uploads\/2024\/04\/LOGO-ON-ENFERMERIA-copia-2-1536x364-1-1024x243.png\" class=\"attachment-large size-large wp-image-40\" alt=\"\" srcset=\"https:\/\/escueladepreparadores.com\/wp-content\/uploads\/2024\/04\/LOGO-ON-ENFERMERIA-copia-2-1536x364-1-1024x243.png 1024w, https:\/\/escueladepreparadores.com\/wp-content\/uploads\/2024\/04\/LOGO-ON-ENFERMERIA-copia-2-1536x364-1-300x71.png 300w, https:\/\/escueladepreparadores.com\/wp-content\/uploads\/2024\/04\/LOGO-ON-ENFERMERIA-copia-2-1536x364-1-768x182.png 768w, https:\/\/escueladepreparadores.com\/wp-content\/uploads\/2024\/04\/LOGO-ON-ENFERMERIA-copia-2-1536x364-1.png 1536w\" sizes=\"(max-width: 696px) 100vw, 696px\" \/>\t\t\t\t\t\t\t\t\t\t\t\t\t<\/div>\n\t\t\t\t<\/div>\n\t\t\t\t<div class=\"elementor-element elementor-element-bc8980a elementor-widget elementor-widget-image\" data-id=\"bc8980a\" data-element_type=\"widget\" data-widget_type=\"image.default\">\n\t\t\t\t<div class=\"elementor-widget-container\">\n\t\t\t\t\t\t\t\t\t\t\t\t\t<img decoding=\"async\" width=\"696\" height=\"165\" src=\"https:\/\/escueladepreparadores.com\/wp-content\/uploads\/2024\/04\/LOGO-ON-ENFERMERIA-copia-2-1536x364-1-1024x243.png\" class=\"attachment-large size-large wp-image-40\" alt=\"\" srcset=\"https:\/\/escueladepreparadores.com\/wp-content\/uploads\/2024\/04\/LOGO-ON-ENFERMERIA-copia-2-1536x364-1-1024x243.png 1024w, https:\/\/escueladepreparadores.com\/wp-content\/uploads\/2024\/04\/LOGO-ON-ENFERMERIA-copia-2-1536x364-1-300x71.png 300w, https:\/\/escueladepreparadores.com\/wp-content\/uploads\/2024\/04\/LOGO-ON-ENFERMERIA-copia-2-1536x364-1-768x182.png 768w, https:\/\/escueladepreparadores.com\/wp-content\/uploads\/2024\/04\/LOGO-ON-ENFERMERIA-copia-2-1536x364-1.png 1536w\" sizes=\"(max-width: 696px) 100vw, 696px\" \/>\t\t\t\t\t\t\t\t\t\t\t\t\t<\/div>\n\t\t\t\t<\/div>\n\t\t\t\t\t<\/div>\n\t\t\t\t<\/div>\n\t\t\t\t\t<\/div>\n\t\t\t\t<\/div>\n\t\t\t\t\t<\/div>\n\t\t\t\t<\/div>\n\t\t<div class=\"elementor-element elementor-element-214826f e-flex e-con-boxed e-con e-parent\" data-id=\"214826f\" data-element_type=\"container\">\n\t\t\t\t\t<div class=\"e-con-inner\">\n\t\t<div class=\"elementor-element elementor-element-2847086 e-flex e-con-boxed e-con e-child\" data-id=\"2847086\" data-element_type=\"container\">\n\t\t\t\t\t<div class=\"e-con-inner\">\n\t\t\t\t\t<\/div>\n\t\t\t\t<\/div>\n\t\t<div class=\"elementor-element elementor-element-6a6894a e-flex e-con-boxed e-con e-child\" data-id=\"6a6894a\" data-element_type=\"container\">\n\t\t\t\t\t<div class=\"e-con-inner\">\n\t\t\t\t<div class=\"elementor-element elementor-element-2ee81b9 elementor-widget elementor-widget-image\" data-id=\"2ee81b9\" data-element_type=\"widget\" data-widget_type=\"image.default\">\n\t\t\t\t<div class=\"elementor-widget-container\">\n\t\t\t\t\t\t\t\t\t\t\t\t\t<img decoding=\"async\" width=\"696\" height=\"696\" src=\"https:\/\/escueladepreparadores.com\/wp-content\/uploads\/2024\/05\/PREPARACION-TCAE-2024-1024x1024.png\" class=\"attachment-large size-large wp-image-63\" alt=\"\" srcset=\"https:\/\/escueladepreparadores.com\/wp-content\/uploads\/2024\/05\/PREPARACION-TCAE-2024-1024x1024.png 1024w, https:\/\/escueladepreparadores.com\/wp-content\/uploads\/2024\/05\/PREPARACION-TCAE-2024-300x300.png 300w, https:\/\/escueladepreparadores.com\/wp-content\/uploads\/2024\/05\/PREPARACION-TCAE-2024-150x150.png 150w, https:\/\/escueladepreparadores.com\/wp-content\/uploads\/2024\/05\/PREPARACION-TCAE-2024-768x768.png 768w, https:\/\/escueladepreparadores.com\/wp-content\/uploads\/2024\/05\/PREPARACION-TCAE-2024.png 1080w\" sizes=\"(max-width: 696px) 100vw, 696px\" \/>\t\t\t\t\t\t\t\t\t\t\t\t\t<\/div>\n\t\t\t\t<\/div>\n\t\t\t\t\t<\/div>\n\t\t\t\t<\/div>\n\t\t\t\t\t<\/div>\n\t\t\t\t<\/div>\n\t\t\t\t<\/div>\n\t\t","protected":false},"excerpt":{"rendered":"<p>Escuela de formaci\u00f3n en preparaci\u00f3n de oposiciones Escuela de Preparadores es la primera escuela en Espa\u00f1a para profesionales que quieren formarse o acreditarse como preparadores de Oposiciones. Comenzar tu formaci\u00f3n >> Titulaci\u00f3n como Experto Universitario<\/p>\n","protected":false},"author":2,"featured_media":0,"parent":0,"menu_order":0,"comment_status":"closed","ping_status":"closed","template":"elementor_header_footer","meta":{"footnotes":""},"_links":{"self":[{"href":"https:\/\/escueladepreparadores.com\/index.php?rest_route=\/wp\/v2\/pages\/6"}],"collection":[{"href":"https:\/\/escueladepreparadores.com\/index.php?rest_route=\/wp\/v2\/pages"}],"about":[{"href":"https:\/\/escueladepreparadores.com\/index.php?rest_route=\/wp\/v2\/types\/page"}],"author":[{"embeddable":true,"href":"https:\/\/escueladepreparadores.com\/index.php?rest_route=\/wp\/v2\/users\/2"}],"replies":[{"embeddable":true,"href":"https:\/\/escueladepreparadores.com\/index.php?rest_route=%2Fwp%2Fv2%2Fcomments&post=6"}],"version-history":[{"count":43,"href":"https:\/\/escueladepreparadores.com\/index.php?rest_route=\/wp\/v2\/pages\/6\/revisions"}],"predecessor-version":[{"id":66,"href":"https:\/\/escueladepreparadores.com\/index.php?rest_route=\/wp\/v2\/pages\/6\/revisions\/66"}],"wp:attachment":[{"href":"https:\/\/escueladepreparadores.com\/index.php?rest_route=%2Fwp%2Fv2%2Fmedia&parent=6"}],"curies":[{"name":"wp","href":"https:\/\/api.w.org\/{rel}","templated":true}]}}